{"id":506,"date":"2025-03-28T12:02:49","date_gmt":"2025-03-28T09:02:49","guid":{"rendered":"https:\/\/oyunilematematik.com\/?post_type=product&#038;p=506"},"modified":"2025-03-28T12:25:11","modified_gmt":"2025-03-28T09:25:11","slug":"sandvic-etkinligi-oyun-ile-matematik-kutusu","status":"publish","type":"product","link":"https:\/\/oyunilematematik.com\/?product=sandvic-etkinligi-oyun-ile-matematik-kutusu","title":{"rendered":"Sandvi\u00e7 Etkinli\u011fi &#8211; Oyun ile Matematik Kutusu"},"content":{"rendered":"<p>Sandvi\u00e7i Etkinli\u011fi ile \u00e7ocuklar\u0131n say\u0131 alg\u0131s\u0131, nesne-say\u0131 e\u015fle\u015ftirme becerileri, azl\u0131k ve \u00e7okluk kavram\u0131, grafik olu\u015fturma ve grafik analiz etme becerileri ile grupla oyun oynama becerileri desteklenmektedir.<\/p>\n","protected":false},"excerpt":{"rendered":"<p>Sandvi\u00e7i Etkinli\u011fi ile \u00e7ocuklar\u0131n say\u0131 alg\u0131s\u0131, nesne-say\u0131 e\u015fle\u015ftirme becerileri, azl\u0131k ve \u00e7okluk kavram\u0131, grafik olu\u015fturma ve grafik analiz etme becerileri ile grupla oyun oynama becerileri desteklenmektedir.<\/p>\n","protected":false},"featured_media":322,"comment_status":"open","ping_status":"closed","template":"single-product","meta":{"saved_in_kubio":false,"_themeisle_gutenberg_block_has_review":false},"product_brand":[],"product_cat":[25],"product_tag":[],"class_list":{"0":"post-506","1":"product","2":"type-product","3":"status-publish","4":"has-post-thumbnail","6":"product_cat-oyun-ile-matematik","8":"first","9":"instock","10":"shipping-taxable","11":"purchasable","12":"product-type-simple"},"_links":{"self":[{"href":"https:\/\/oyunilematematik.com\/index.php?rest_route=\/wp\/v2\/product\/506","targetHints":{"allow":["GET"]}}],"collection":[{"href":"https:\/\/oyunilematematik.com\/index.php?rest_route=\/wp\/v2\/product"}],"about":[{"href":"https:\/\/oyunilematematik.com\/index.php?rest_route=\/wp\/v2\/types\/product"}],"replies":[{"embeddable":true,"href":"https:\/\/oyunilematematik.com\/index.php?rest_route=%2Fwp%2Fv2%2Fcomments&post=506"}],"wp:featuredmedia":[{"embeddable":true,"href":"https:\/\/oyunilematematik.com\/index.php?rest_route=\/wp\/v2\/media\/322"}],"wp:attachment":[{"href":"https:\/\/oyunilematematik.com\/index.php?rest_route=%2Fwp%2Fv2%2Fmedia&parent=506"}],"wp:term":[{"taxonomy":"product_brand","embeddable":true,"href":"https:\/\/oyunilematematik.com\/index.php?rest_route=%2Fwp%2Fv2%2Fproduct_brand&post=506"},{"taxonomy":"product_cat","embeddable":true,"href":"https:\/\/oyunilematematik.com\/index.php?rest_route=%2Fwp%2Fv2%2Fproduct_cat&post=506"},{"taxonomy":"product_tag","embeddable":true,"href":"https:\/\/oyunilematematik.com\/index.php?rest_route=%2Fwp%2Fv2%2Fproduct_tag&post=506"}],"curies":[{"name":"wp","href":"https:\/\/api.w.org\/{rel}","templated":true}]}}