{"id":524,"date":"2025-03-28T12:29:55","date_gmt":"2025-03-28T09:29:55","guid":{"rendered":"https:\/\/oyunilematematik.com\/?post_type=product&#038;p=524"},"modified":"2025-03-28T12:29:55","modified_gmt":"2025-03-28T09:29:55","slug":"parmagimin-ucundaki-sekiller-oyun-ile-matematik-kutusu","status":"publish","type":"product","link":"https:\/\/oyunilematematik.com\/?product=parmagimin-ucundaki-sekiller-oyun-ile-matematik-kutusu","title":{"rendered":"Parma\u011f\u0131m\u0131n Ucundaki \u015eekiller &#8211; Oyun ile Matematik Kutusu"},"content":{"rendered":"<p>Bu oyun ile geometrik \u015fekillerin kenar ve k\u00f6\u015fe kavramlar\u0131n\u0131 \u00f6\u011frenme, geometrik \u015fekillerin \u00fc\u00e7 boyutlu uzay d\u00fczleminde d\u00f6nd\u00fcr\u00fclm\u00fc\u015f bi\u00e7imlerine y\u00f6nelik bak\u0131\u015f a\u00e7\u0131s\u0131 kazanma, g\u00fcnl\u00fck ya\u015famda g\u00f6r\u00fclen geometrik \u015fekillere y\u00f6nelik fark\u0131ndal\u0131k kazanmay\u0131 OYUN yoluyla 3-8 ya\u015f aras\u0131ndaki \u00e7ocuklara \u00f6\u011frenmesi m\u00fcmk\u00fcnd\u00fcr. Erken \u00e7ocukluk e\u011fitimi alan\u0131nda uzman bilim insanlar\u0131 taraf\u0131ndan haz\u0131rlanm\u0131\u015ft\u0131r.<\/p>\n","protected":false},"excerpt":{"rendered":"<p>Bu oyun ile geometrik \u015fekillerin kenar ve k\u00f6\u015fe kavramlar\u0131n\u0131 \u00f6\u011frenme, geometrik \u015fekillerin \u00fc\u00e7 boyutlu uzay d\u00fczleminde d\u00f6nd\u00fcr\u00fclm\u00fc\u015f bi\u00e7imlerine y\u00f6nelik bak\u0131\u015f a\u00e7\u0131s\u0131 kazanma, g\u00fcnl\u00fck ya\u015famda g\u00f6r\u00fclen geometrik \u015fekillere y\u00f6nelik fark\u0131ndal\u0131k kazanmay\u0131 OYUN yoluyla 3-8 ya\u015f aras\u0131ndaki \u00e7ocuklara \u00f6\u011frenmesi m\u00fcmk\u00fcnd\u00fcr. Erken \u00e7ocukluk e\u011fitimi alan\u0131nda uzman bilim insanlar\u0131 taraf\u0131ndan haz\u0131rlanm\u0131\u015ft\u0131r. <\/p>\n","protected":false},"featured_media":330,"comment_status":"open","ping_status":"closed","template":"","meta":{"saved_in_kubio":false,"_themeisle_gutenberg_block_has_review":false},"product_brand":[],"product_cat":[25],"product_tag":[],"class_list":{"0":"post-524","1":"product","2":"type-product","3":"status-publish","4":"has-post-thumbnail","6":"product_cat-oyun-ile-matematik","8":"first","9":"instock","10":"shipping-taxable","11":"purchasable","12":"product-type-simple"},"_links":{"self":[{"href":"https:\/\/oyunilematematik.com\/index.php?rest_route=\/wp\/v2\/product\/524","targetHints":{"allow":["GET"]}}],"collection":[{"href":"https:\/\/oyunilematematik.com\/index.php?rest_route=\/wp\/v2\/product"}],"about":[{"href":"https:\/\/oyunilematematik.com\/index.php?rest_route=\/wp\/v2\/types\/product"}],"replies":[{"embeddable":true,"href":"https:\/\/oyunilematematik.com\/index.php?rest_route=%2Fwp%2Fv2%2Fcomments&post=524"}],"wp:featuredmedia":[{"embeddable":true,"href":"https:\/\/oyunilematematik.com\/index.php?rest_route=\/wp\/v2\/media\/330"}],"wp:attachment":[{"href":"https:\/\/oyunilematematik.com\/index.php?rest_route=%2Fwp%2Fv2%2Fmedia&parent=524"}],"wp:term":[{"taxonomy":"product_brand","embeddable":true,"href":"https:\/\/oyunilematematik.com\/index.php?rest_route=%2Fwp%2Fv2%2Fproduct_brand&post=524"},{"taxonomy":"product_cat","embeddable":true,"href":"https:\/\/oyunilematematik.com\/index.php?rest_route=%2Fwp%2Fv2%2Fproduct_cat&post=524"},{"taxonomy":"product_tag","embeddable":true,"href":"https:\/\/oyunilematematik.com\/index.php?rest_route=%2Fwp%2Fv2%2Fproduct_tag&post=524"}],"curies":[{"name":"wp","href":"https:\/\/api.w.org\/{rel}","templated":true}]}}